{"id":46,"date":"2026-01-02T21:02:56","date_gmt":"2026-01-02T21:02:56","guid":{"rendered":"https:\/\/coeurpourbommiers2026.fr\/?page_id=46"},"modified":"2026-02-11T06:41:50","modified_gmt":"2026-02-11T06:41:50","slug":"les-infos-de-la-liste","status":"publish","type":"page","link":"https:\/\/coeurpourbommiers2026.fr\/index.php\/les-infos-de-la-liste\/","title":{"rendered":"Les infos de la liste"},"content":{"rendered":"\n<div class=\"wp-block-columns is-layout-flex wp-container-core-columns-is-layout-28f84493 wp-block-columns-is-layout-flex\">\n<div class=\"wp-block-column is-layout-flow wp-block-column-is-layout-flow\" style=\"flex-basis:33.33%\">\n<figure class=\"wp-block-image size-full\"><img loading=\"lazy\" decoding=\"async\" width=\"526\" height=\"701\" src=\"https:\/\/coeurpourbommiers2026.fr\/wp-content\/uploads\/2026\/01\/607283012_122113780119105525_2230418522361847041_n.jpg\" alt=\"\" class=\"wp-image-78\" srcset=\"https:\/\/coeurpourbommiers2026.fr\/wp-content\/uploads\/2026\/01\/607283012_122113780119105525_2230418522361847041_n.jpg 526w, https:\/\/coeurpourbommiers2026.fr\/wp-content\/uploads\/2026\/01\/607283012_122113780119105525_2230418522361847041_n-225x300.jpg 225w\" sizes=\"auto, (max-width: 526px) 100vw, 526px\" \/><\/figure>\n<\/div>\n\n\n\n<div class=\"wp-block-column is-vertically-aligned-center is-layout-flow wp-block-column-is-layout-flow\" style=\"flex-basis:66.66%\">\n<p class=\"has-text-align-left\">N&rsquo;attendez pas la derni\u00e8re minute pour aller vous inscrire sur la liste \u00e9lectorale de Bommiers. RDV d\u00e8s que possible \u00e0 la mairie!<\/p>\n<\/div>\n<\/div>\n\n\n\n<div class=\"wp-block-columns is-layout-flex wp-container-core-columns-is-layout-28f84493 wp-block-columns-is-layout-flex\">\n<div class=\"wp-block-column is-vertically-aligned-center is-layout-flow wp-block-column-is-layout-flow\" style=\"flex-basis:33.33%\">\n<figure class=\"wp-block-image size-full\"><img loading=\"lazy\" decoding=\"async\" width=\"403\" height=\"720\" src=\"https:\/\/coeurpourbommiers2026.fr\/wp-content\/uploads\/2026\/01\/carte-Bommiers.png\" alt=\"\" class=\"wp-image-79\" srcset=\"https:\/\/coeurpourbommiers2026.fr\/wp-content\/uploads\/2026\/01\/carte-Bommiers.png 403w, https:\/\/coeurpourbommiers2026.fr\/wp-content\/uploads\/2026\/01\/carte-Bommiers-168x300.png 168w\" sizes=\"auto, (max-width: 403px) 100vw, 403px\" \/><\/figure>\n<\/div>\n\n\n\n<div class=\"wp-block-column is-vertically-aligned-center is-layout-flow wp-block-column-is-layout-flow\" style=\"flex-basis:66.66%\">\n<p>Du 14 au 18 janvier, les candidates et les candidats de notre liste feront du porte-\u00e0-porte pour vous rencontrer et vous pr\u00e9senter notre projet municipal. Merci pour votre accueil et n&rsquo;oubliez pas de <a href=\"https:\/\/forms.office.com\/r\/MLC2rkQr9Z\">participer \u00e0 notre enqu\u00eate<\/a> \u00ab\u00a0Que pensez-vous de votre commune?\u00a0\u00bb<\/p>\n<\/div>\n<\/div>\n\n\n\n<div class=\"wp-block-columns is-layout-flex wp-container-core-columns-is-layout-28f84493 wp-block-columns-is-layout-flex\">\n<div class=\"wp-block-column is-layout-flow wp-block-column-is-layout-flow\" style=\"flex-basis:33.33%\">\n<figure class=\"wp-block-image size-full\"><img loading=\"lazy\" decoding=\"async\" width=\"225\" height=\"225\" src=\"https:\/\/coeurpourbommiers2026.fr\/wp-content\/uploads\/2026\/01\/urne.jpg\" alt=\"\" class=\"wp-image-92\" srcset=\"https:\/\/coeurpourbommiers2026.fr\/wp-content\/uploads\/2026\/01\/urne.jpg 225w, https:\/\/coeurpourbommiers2026.fr\/wp-content\/uploads\/2026\/01\/urne-150x150.jpg 150w\" sizes=\"auto, (max-width: 225px) 100vw, 225px\" \/><\/figure>\n<\/div>\n\n\n\n<div class=\"wp-block-column is-layout-flow wp-block-column-is-layout-flow\" style=\"flex-basis:66.66%\">\n<p>Les 15 et 22 mars prochains auront lieu le 1<sup>er<\/sup> et 2<sup>\u00e8me<\/sup> tour des \u00e9lections municipales. Les habitants de Bommiers seront appel\u00e9s \u00e0 voter pour \u00e9lire leur conseil municipal (11 conseillers) pour 6 ans. Il s\u2019agit d\u2019un scrutin de liste, respectant la parit\u00e9 hommes-femmes.<\/p>\n\n\n\n<p>Les \u00e9lecteurs devront voter pour une liste, sans pouvoir rayer ni raturer leur bulletin, sous peine de nullit\u00e9 du bulletin de vote.<\/p>\n\n\n\n<p>Pour voter, il vous faut \u00eatre inscrit sur la liste \u00e9lectorale de Bommiers. Si vous n\u2019\u00eates pas s\u00fbr(e), contactez la mairie.<\/p>\n<\/div>\n<\/div>\n\n\n\n<div class=\"wp-block-group has-global-padding is-layout-constrained wp-block-group-is-layout-constrained\"><\/div>\n\n\n\n<div class=\"wp-block-columns is-layout-flex wp-container-core-columns-is-layout-28f84493 wp-block-columns-is-layout-flex\">\n<div class=\"wp-block-column is-layout-flow wp-block-column-is-layout-flow\" style=\"flex-basis:33.33%\">\n<figure class=\"wp-block-image size-full\"><img loading=\"lazy\" decoding=\"async\" width=\"528\" height=\"360\" src=\"https:\/\/coeurpourbommiers2026.fr\/wp-content\/uploads\/2026\/02\/reunion-publique-1.jpg\" alt=\"\" class=\"wp-image-126\" srcset=\"https:\/\/coeurpourbommiers2026.fr\/wp-content\/uploads\/2026\/02\/reunion-publique-1.jpg 528w, https:\/\/coeurpourbommiers2026.fr\/wp-content\/uploads\/2026\/02\/reunion-publique-1-300x205.jpg 300w\" sizes=\"auto, (max-width: 528px) 100vw, 528px\" \/><\/figure>\n<\/div>\n\n\n\n<div class=\"wp-block-column is-layout-flow wp-block-column-is-layout-flow\" style=\"flex-basis:66.66%\">\n<p>R\u00e9union publique de notre liste <\/p>\n\n\n\n<p><strong>le 19 f\u00e9vrier \u00e0 19h<\/strong><\/p>\n\n\n\n<p><strong>\u00e0 la salle des f\u00eates de Bommiers.<\/strong> <\/p>\n\n\n\n<p>Venez nombreux nous rencontrer et discuter avec nous!<\/p>\n<\/div>\n<\/div>\n\n\n\n<p><\/p>\n","protected":false},"excerpt":{"rendered":"<p>N&rsquo;attendez pas la derni\u00e8re minute pour aller vous inscrire sur la liste \u00e9lectorale de Bommiers. RDV d\u00e8s que possible \u00e0 la mairie! Du 14 au 18 janvier, les candidates et les candidats de notre liste feront du porte-\u00e0-porte pour vous rencontrer et vous pr\u00e9senter notre projet municipal. Merci pour votre accueil et n&rsquo;oubliez pas de [&hellip;]<\/p>\n","protected":false},"author":1,"featured_media":0,"parent":0,"menu_order":0,"comment_status":"closed","ping_status":"closed","template":"","meta":{"footnotes":""},"class_list":["post-46","page","type-page","status-publish","hentry"],"_links":{"self":[{"href":"https:\/\/coeurpourbommiers2026.fr\/index.php\/wp-json\/wp\/v2\/pages\/46","targetHints":{"allow":["GET"]}}],"collection":[{"href":"https:\/\/coeurpourbommiers2026.fr\/index.php\/wp-json\/wp\/v2\/pages"}],"about":[{"href":"https:\/\/coeurpourbommiers2026.fr\/index.php\/wp-json\/wp\/v2\/types\/page"}],"author":[{"embeddable":true,"href":"https:\/\/coeurpourbommiers2026.fr\/index.php\/wp-json\/wp\/v2\/users\/1"}],"replies":[{"embeddable":true,"href":"https:\/\/coeurpourbommiers2026.fr\/index.php\/wp-json\/wp\/v2\/comments?post=46"}],"version-history":[{"count":4,"href":"https:\/\/coeurpourbommiers2026.fr\/index.php\/wp-json\/wp\/v2\/pages\/46\/revisions"}],"predecessor-version":[{"id":128,"href":"https:\/\/coeurpourbommiers2026.fr\/index.php\/wp-json\/wp\/v2\/pages\/46\/revisions\/128"}],"wp:attachment":[{"href":"https:\/\/coeurpourbommiers2026.fr\/index.php\/wp-json\/wp\/v2\/media?parent=46"}],"curies":[{"name":"wp","href":"https:\/\/api.w.org\/{rel}","templated":true}]}}