{"id":45,"date":"2026-01-02T20:38:23","date_gmt":"2026-01-02T20:38:23","guid":{"rendered":"https:\/\/coeurpourbommiers2026.fr\/?page_id=45"},"modified":"2026-02-11T06:35:33","modified_gmt":"2026-02-11T06:35:33","slug":"lagenda-de-la-liste","status":"publish","type":"page","link":"https:\/\/coeurpourbommiers2026.fr\/index.php\/lagenda-de-la-liste\/","title":{"rendered":"L&rsquo;agenda de la liste"},"content":{"rendered":"\n<figure class=\"wp-block-table\"><table class=\"has-fixed-layout\"><tbody><tr><td><a href=\"#Jan26\">Janvier 2026<\/a><\/td><td><a href=\"#fev26\">F\u00e9vrier 2026<\/a><\/td><td>Mars 2026<\/td><\/tr><\/tbody><\/table><\/figure>\n\n\n\n<figure class=\"wp-block-image size-large\"><img loading=\"lazy\" decoding=\"async\" width=\"768\" height=\"1024\" src=\"https:\/\/coeurpourbommiers2026.fr\/wp-content\/uploads\/2026\/01\/Passerelle-768x1024.jpg\" alt=\"\" class=\"wp-image-76\" srcset=\"https:\/\/coeurpourbommiers2026.fr\/wp-content\/uploads\/2026\/01\/Passerelle-768x1024.jpg 768w, https:\/\/coeurpourbommiers2026.fr\/wp-content\/uploads\/2026\/01\/Passerelle-225x300.jpg 225w, https:\/\/coeurpourbommiers2026.fr\/wp-content\/uploads\/2026\/01\/Passerelle.jpg 907w\" sizes=\"auto, (max-width: 768px) 100vw, 768px\" \/><\/figure>\n\n\n\n<figure id=\"Jan26\" class=\"wp-block-table\"><table class=\"has-fixed-layout\"><thead><tr><th><strong>Mois de janvier 2026<\/strong><\/th><th>Activit\u00e9<\/th><\/tr><\/thead><tbody><tr><td>1\/01<\/td><td>Bonne Ann\u00e9e 2026 \ud83d\ude42<\/td><\/tr><tr><td>2\/01<\/td><td><\/td><\/tr><tr><td>3\/01<\/td><td><\/td><\/tr><tr><td>4\/01<\/td><td><\/td><\/tr><tr><td>5\/01<\/td><td><\/td><\/tr><tr><td>6\/01<\/td><td><\/td><\/tr><tr><td>7\/01<\/td><td><\/td><\/tr><tr><td>8\/01<\/td><td><\/td><\/tr><tr><td>9\/01<\/td><td><\/td><\/tr><tr><td>10\/01<\/td><td>Article NR<\/td><\/tr><tr><td>11\/01<\/td><td><\/td><\/tr><tr><td>12\/01<\/td><td>Lancement enqu\u00eate \u00ab\u00a0Que pensez-vous de votre commune?\u00a0\u00bb<\/td><\/tr><tr><td>13\/01<\/td><td><\/td><\/tr><tr><td>14\/01<\/td><td>Distribution du 1er tract<\/td><\/tr><tr><td>15\/01<\/td><td>Distribution du 1er tract<\/td><\/tr><tr><td>16\/01<\/td><td>Distribution du 1er tract<\/td><\/tr><tr><td>17\/01<\/td><td>Distribution du 1er tract<\/td><\/tr><tr><td>18\/01<\/td><td>Distribution du 1er tract<\/td><\/tr><tr><td>19\/01<\/td><td>Distribution du 1er tract<\/td><\/tr><tr><td>20\/01<\/td><td>Distribution du 1er tract<\/td><\/tr><tr><td>21\/01<\/td><td>Distribution du 1er tract<\/td><\/tr><tr><td>22\/01<\/td><td>Distribution du 1er tract<\/td><\/tr><tr><td>23\/01<\/td><td>Distribution du 1er tract<\/td><\/tr><tr><td>24\/01<\/td><td>Distribution du 1er tract<\/td><\/tr><tr><td>25\/01<\/td><td>Distribution du 1er tract<\/td><\/tr><tr><td>26\/01<\/td><td><\/td><\/tr><tr><td>27\/01<\/td><td><\/td><\/tr><tr><td>28\/01<\/td><td><\/td><\/tr><tr><td>29\/01<\/td><td><\/td><\/tr><tr><td>30\/01<\/td><td><\/td><\/tr><tr><td>31\/01<\/td><td><\/td><\/tr><\/tbody><\/table><\/figure>\n\n\n\n<figure id=\"fev26\" class=\"wp-block-table\"><table class=\"has-fixed-layout\"><thead><tr><th><strong>Mois de f\u00e9vrier 2026<\/strong><\/th><th>Activit\u00e9<\/th><\/tr><\/thead><tbody><tr><td>1\/02<\/td><td><\/td><\/tr><tr><td>2\/02<\/td><td>Distribution du 2\u00e8me tract<\/td><\/tr><tr><td>3\/02<\/td><td>Distribution du 2\u00e8me tract<\/td><\/tr><tr><td>4\/02<\/td><td>Distribution du 2\u00e8me tract<\/td><\/tr><tr><td>5\/02<\/td><td>Distribution du 2\u00e8me tract<\/td><\/tr><tr><td>6\/02<\/td><td>Distribution du 2\u00e8me tract<\/td><\/tr><tr><td>7\/02<\/td><td>Distribution du 2\u00e8me tract<\/td><\/tr><tr><td>8\/02<\/td><td>Distribution du 2\u00e8me tract<\/td><\/tr><tr><td>9\/02<\/td><td><\/td><\/tr><tr><td>10\/02<\/td><td>Fin de l&rsquo;enqu\u00eate<\/td><\/tr><tr><td>11\/02<\/td><td>D\u00e9p\u00f4t de la liste confirm\u00e9!<\/td><\/tr><tr><td>12\/02<\/td><td><\/td><\/tr><tr><td>13\/02<\/td><td><\/td><\/tr><tr><td>14\/02<\/td><td><\/td><\/tr><tr><td>15\/02<\/td><td><\/td><\/tr><tr><td>16\/02<\/td><td><\/td><\/tr><tr><td>17\/02<\/td><td><\/td><\/tr><tr><td>18\/02<\/td><td><\/td><\/tr><tr><td>19\/02<\/td><td>R\u00e9union publique \u00e0 19h \u00e0 la salle des f\u00eates de Bommiers<\/td><\/tr><tr><td>20\/02<\/td><td><\/td><\/tr><tr><td>21\/02<\/td><td><\/td><\/tr><tr><td>22\/02<\/td><td><\/td><\/tr><tr><td>23\/02<\/td><td><\/td><\/tr><tr><td>24\/02<\/td><td><\/td><\/tr><tr><td>25\/02<\/td><td><\/td><\/tr><tr><td>26\/02<\/td><td><\/td><\/tr><tr><td>27\/02<\/td><td><\/td><\/tr><tr><td>28\/02<\/td><td><\/td><\/tr><\/tbody><\/table><\/figure>\n","protected":false},"excerpt":{"rendered":"<p>Janvier 2026 F\u00e9vrier 2026 Mars 2026 Mois de janvier 2026 Activit\u00e9 1\/01 Bonne Ann\u00e9e 2026 \ud83d\ude42 2\/01 3\/01 4\/01 5\/01 6\/01 7\/01 8\/01 9\/01 10\/01 Article NR 11\/01 12\/01 Lancement enqu\u00eate \u00ab\u00a0Que pensez-vous de votre commune?\u00a0\u00bb 13\/01 14\/01 Distribution du 1er tract 15\/01 Distribution du 1er tract 16\/01 Distribution du 1er tract 17\/01 Distribution du [&hellip;]<\/p>\n","protected":false},"author":1,"featured_media":0,"parent":0,"menu_order":0,"comment_status":"closed","ping_status":"closed","template":"","meta":{"footnotes":""},"class_list":["post-45","page","type-page","status-publish","hentry"],"_links":{"self":[{"href":"https:\/\/coeurpourbommiers2026.fr\/index.php\/wp-json\/wp\/v2\/pages\/45","targetHints":{"allow":["GET"]}}],"collection":[{"href":"https:\/\/coeurpourbommiers2026.fr\/index.php\/wp-json\/wp\/v2\/pages"}],"about":[{"href":"https:\/\/coeurpourbommiers2026.fr\/index.php\/wp-json\/wp\/v2\/types\/page"}],"author":[{"embeddable":true,"href":"https:\/\/coeurpourbommiers2026.fr\/index.php\/wp-json\/wp\/v2\/users\/1"}],"replies":[{"embeddable":true,"href":"https:\/\/coeurpourbommiers2026.fr\/index.php\/wp-json\/wp\/v2\/comments?post=45"}],"version-history":[{"count":10,"href":"https:\/\/coeurpourbommiers2026.fr\/index.php\/wp-json\/wp\/v2\/pages\/45\/revisions"}],"predecessor-version":[{"id":123,"href":"https:\/\/coeurpourbommiers2026.fr\/index.php\/wp-json\/wp\/v2\/pages\/45\/revisions\/123"}],"wp:attachment":[{"href":"https:\/\/coeurpourbommiers2026.fr\/index.php\/wp-json\/wp\/v2\/media?parent=45"}],"curies":[{"name":"wp","href":"https:\/\/api.w.org\/{rel}","templated":true}]}}