{"id":44,"date":"2026-01-02T20:24:20","date_gmt":"2026-01-02T20:24:20","guid":{"rendered":"https:\/\/coeurpourbommiers2026.fr\/?page_id=44"},"modified":"2026-01-02T20:26:03","modified_gmt":"2026-01-02T20:26:03","slug":"le-projet-de-la-liste-coeur-pour-bommiers-2026","status":"publish","type":"page","link":"https:\/\/coeurpourbommiers2026.fr\/index.php\/le-projet-de-la-liste-coeur-pour-bommiers-2026\/","title":{"rendered":"Le projet de la liste Coeur pour Bommiers 2026"},"content":{"rendered":"\n<figure class=\"wp-block-image size-full\"><img loading=\"lazy\" decoding=\"async\" width=\"864\" height=\"648\" src=\"https:\/\/coeurpourbommiers2026.fr\/wp-content\/uploads\/2026\/01\/Source-botte-de-paille_p-2.png\" alt=\"\" class=\"wp-image-59\" srcset=\"https:\/\/coeurpourbommiers2026.fr\/wp-content\/uploads\/2026\/01\/Source-botte-de-paille_p-2.png 864w, https:\/\/coeurpourbommiers2026.fr\/wp-content\/uploads\/2026\/01\/Source-botte-de-paille_p-2-300x225.png 300w, https:\/\/coeurpourbommiers2026.fr\/wp-content\/uploads\/2026\/01\/Source-botte-de-paille_p-2-768x576.png 768w\" sizes=\"auto, (max-width: 864px) 100vw, 864px\" \/><\/figure>\n\n\n\n<p><strong>Un projet municipal structur\u00e9 autour de trois axes majeurs<\/strong><\/p>\n\n\n\n<p><strong>1. Une commune proche de ses habitants<\/strong><\/p>\n\n\n\n<p>La proximit\u00e9 et l\u2019\u00e9coute seront au c\u0153ur de notre action municipale.<br>Nous souhaitons :<\/p>\n\n\n\n<p>\u00b7\u00eatre disponibles et \u00e0 l\u2019\u00e9coute de chacun,<\/p>\n\n\n\n<p>\u00b7am\u00e9liorer l\u2019information et la communication communale,<\/p>\n\n\n\n<p>\u00b7veiller \u00e0 la s\u00e9curit\u00e9 et au bien-\u00eatre de tous.<\/p>\n\n\n\n<p>Parce qu\u2019une commune \u00e0 taille humaine est avant tout une commune o\u00f9 le dialogue est permanent.<br><br><strong>2. Am\u00e9liorer et pr\u00e9server le cadre de vie<\/strong><\/p>\n\n\n\n<p>Bommiers b\u00e9n\u00e9ficie d\u2019un environnement de qualit\u00e9 qu\u2019il est essentiel de prot\u00e9ger.<br>Nous agirons pour :<\/p>\n\n\n\n<p>\u00b7l\u2019embellissement de la commune,<\/p>\n\n\n\n<p>\u00b7l\u2019entretien et la valorisation des espaces publics,<\/p>\n\n\n\n<p>\u00b7la pr\u00e9servation et la promotion de notre patrimoine naturel, culturel et communal.<\/p>\n\n\n\n<p>Notre objectif est de garantir un cadre de vie agr\u00e9able, harmonieux et durable pour tous.&nbsp;<\/p>\n\n\n\n<p><strong>3. Renforcer l\u2019attractivit\u00e9 de Bommiers<\/strong><\/p>\n\n\n\n<p>Commune vaste et \u00e9tendue, Bommiers doit rester vivante et attractive.<br>Nous soutiendrons :<\/p>\n\n\n\n<p>\u00b7les associations locales,<\/p>\n\n\n\n<p>\u00b7l\u2019organisation d\u2019\u00e9v\u00e9nements r\u00e9guliers ou ponctuels,<\/p>\n\n\n\n<p>\u00b7les projets communaux structurants favorisant le dynamisme et l\u2019accueil de nouveaux habitants.<\/p>\n\n\n\n<p><strong>Construisons ensemble l\u2019avenir de Bommiers<\/strong><\/p>\n","protected":false},"excerpt":{"rendered":"<p>Un projet municipal structur\u00e9 autour de trois axes majeurs 1. Une commune proche de ses habitants La proximit\u00e9 et l\u2019\u00e9coute seront au c\u0153ur de notre action municipale.Nous souhaitons : \u00b7\u00eatre disponibles et \u00e0 l\u2019\u00e9coute de chacun, \u00b7am\u00e9liorer l\u2019information et la communication communale, \u00b7veiller \u00e0 la s\u00e9curit\u00e9 et au bien-\u00eatre de tous. Parce qu\u2019une commune \u00e0 [&hellip;]<\/p>\n","protected":false},"author":1,"featured_media":0,"parent":0,"menu_order":0,"comment_status":"closed","ping_status":"closed","template":"","meta":{"footnotes":""},"class_list":["post-44","page","type-page","status-publish","hentry"],"_links":{"self":[{"href":"https:\/\/coeurpourbommiers2026.fr\/index.php\/wp-json\/wp\/v2\/pages\/44","targetHints":{"allow":["GET"]}}],"collection":[{"href":"https:\/\/coeurpourbommiers2026.fr\/index.php\/wp-json\/wp\/v2\/pages"}],"about":[{"href":"https:\/\/coeurpourbommiers2026.fr\/index.php\/wp-json\/wp\/v2\/types\/page"}],"author":[{"embeddable":true,"href":"https:\/\/coeurpourbommiers2026.fr\/index.php\/wp-json\/wp\/v2\/users\/1"}],"replies":[{"embeddable":true,"href":"https:\/\/coeurpourbommiers2026.fr\/index.php\/wp-json\/wp\/v2\/comments?post=44"}],"version-history":[{"count":3,"href":"https:\/\/coeurpourbommiers2026.fr\/index.php\/wp-json\/wp\/v2\/pages\/44\/revisions"}],"predecessor-version":[{"id":61,"href":"https:\/\/coeurpourbommiers2026.fr\/index.php\/wp-json\/wp\/v2\/pages\/44\/revisions\/61"}],"wp:attachment":[{"href":"https:\/\/coeurpourbommiers2026.fr\/index.php\/wp-json\/wp\/v2\/media?parent=44"}],"curies":[{"name":"wp","href":"https:\/\/api.w.org\/{rel}","templated":true}]}}