{"id":43,"date":"2026-01-02T20:02:54","date_gmt":"2026-01-02T20:02:54","guid":{"rendered":"https:\/\/coeurpourbommiers2026.fr\/?page_id=43"},"modified":"2026-01-09T15:47:42","modified_gmt":"2026-01-09T15:47:42","slug":"43-2","status":"publish","type":"page","link":"https:\/\/coeurpourbommiers2026.fr\/index.php\/43-2\/","title":{"rendered":"La liste Coeur pour Bommiers 2026"},"content":{"rendered":"\n<div class=\"wp-block-columns is-layout-flex wp-container-core-columns-is-layout-28f84493 wp-block-columns-is-layout-flex\">\n<div class=\"wp-block-column is-layout-flow wp-block-column-is-layout-flow\">\n<figure class=\"wp-block-image size-full\"><img loading=\"lazy\" decoding=\"async\" width=\"200\" height=\"200\" src=\"https:\/\/coeurpourbommiers2026.fr\/wp-content\/uploads\/2026\/01\/logo-coeurpourBommiers-1.jpg\" alt=\"\" class=\"wp-image-50\" srcset=\"https:\/\/coeurpourbommiers2026.fr\/wp-content\/uploads\/2026\/01\/logo-coeurpourBommiers-1.jpg 200w, https:\/\/coeurpourbommiers2026.fr\/wp-content\/uploads\/2026\/01\/logo-coeurpourBommiers-1-150x150.jpg 150w\" sizes=\"auto, (max-width: 200px) 100vw, 200px\" \/><\/figure>\n<\/div>\n\n\n\n<div class=\"wp-block-column is-vertically-aligned-center is-layout-flow wp-block-column-is-layout-flow\">\n<p class=\"has-text-align-left\">Les candidates et candidats de la liste Coeur pour Bommiers 2026<\/p>\n<\/div>\n<\/div>\n\n\n\n<figure class=\"wp-block-image aligncenter size-full is-resized\"><img loading=\"lazy\" decoding=\"async\" width=\"664\" height=\"441\" src=\"https:\/\/coeurpourbommiers2026.fr\/wp-content\/uploads\/2026\/01\/Coeur-pour-Bommiers-groupe-v2_s.jpg\" alt=\"\" class=\"wp-image-100\" style=\"width:495px;height:auto\" srcset=\"https:\/\/coeurpourbommiers2026.fr\/wp-content\/uploads\/2026\/01\/Coeur-pour-Bommiers-groupe-v2_s.jpg 664w, https:\/\/coeurpourbommiers2026.fr\/wp-content\/uploads\/2026\/01\/Coeur-pour-Bommiers-groupe-v2_s-300x199.jpg 300w\" sizes=\"auto, (max-width: 664px) 100vw, 664px\" \/><\/figure>\n\n\n\n<div class=\"wp-block-columns is-layout-flex wp-container-core-columns-is-layout-28f84493 wp-block-columns-is-layout-flex\">\n<div class=\"wp-block-column is-layout-flow wp-block-column-is-layout-flow\">\n<div class=\"wp-block-columns is-layout-flex wp-container-core-columns-is-layout-28f84493 wp-block-columns-is-layout-flex\">\n<div class=\"wp-block-column is-layout-flow wp-block-column-is-layout-flow\">\n<figure class=\"wp-block-image size-full\"><img loading=\"lazy\" decoding=\"async\" width=\"601\" height=\"902\" src=\"https:\/\/coeurpourbommiers2026.fr\/wp-content\/uploads\/2026\/01\/JOLIBERT-Bertrand_s.jpg\" alt=\"\" class=\"wp-image-105\" srcset=\"https:\/\/coeurpourbommiers2026.fr\/wp-content\/uploads\/2026\/01\/JOLIBERT-Bertrand_s.jpg 601w, https:\/\/coeurpourbommiers2026.fr\/wp-content\/uploads\/2026\/01\/JOLIBERT-Bertrand_s-200x300.jpg 200w\" sizes=\"auto, (max-width: 601px) 100vw, 601px\" \/><\/figure>\n<\/div>\n\n\n\n<div class=\"wp-block-column is-layout-flow wp-block-column-is-layout-flow\">\n<p class=\"has-medium-font-size\"><strong>JOLIBERT Bertrand<\/strong><br><strong>T\u00eate de liste<\/strong><br>50 ans<br>Cadre marketing<\/p>\n<\/div>\n<\/div>\n<\/div>\n\n\n\n<div class=\"wp-block-column is-layout-flow wp-block-column-is-layout-flow\">\n<div class=\"wp-block-columns is-layout-flex wp-container-core-columns-is-layout-28f84493 wp-block-columns-is-layout-flex\">\n<div class=\"wp-block-column is-layout-flow wp-block-column-is-layout-flow\">\n<figure class=\"wp-block-image size-full\"><img loading=\"lazy\" decoding=\"async\" width=\"1504\" height=\"2256\" src=\"https:\/\/coeurpourbommiers2026.fr\/wp-content\/uploads\/2026\/01\/AUDEBERT-Nadia_s.jpg\" alt=\"\" class=\"wp-image-103\" srcset=\"https:\/\/coeurpourbommiers2026.fr\/wp-content\/uploads\/2026\/01\/AUDEBERT-Nadia_s.jpg 1504w, https:\/\/coeurpourbommiers2026.fr\/wp-content\/uploads\/2026\/01\/AUDEBERT-Nadia_s-200x300.jpg 200w, https:\/\/coeurpourbommiers2026.fr\/wp-content\/uploads\/2026\/01\/AUDEBERT-Nadia_s-683x1024.jpg 683w, https:\/\/coeurpourbommiers2026.fr\/wp-content\/uploads\/2026\/01\/AUDEBERT-Nadia_s-768x1152.jpg 768w, https:\/\/coeurpourbommiers2026.fr\/wp-content\/uploads\/2026\/01\/AUDEBERT-Nadia_s-1024x1536.jpg 1024w, https:\/\/coeurpourbommiers2026.fr\/wp-content\/uploads\/2026\/01\/AUDEBERT-Nadia_s-1365x2048.jpg 1365w\" sizes=\"auto, (max-width: 1504px) 100vw, 1504px\" \/><\/figure>\n<\/div>\n\n\n\n<div class=\"wp-block-column is-layout-flow wp-block-column-is-layout-flow\">\n<p class=\"has-medium-font-size\"><strong>AUDEBERT Nadia<\/strong><br>Conseill\u00e8re sortante<br>52 ans<br>b\u00e9n\u00e9vole \u00e0 la biblioth\u00e8que<\/p>\n<\/div>\n<\/div>\n<\/div>\n<\/div>\n\n\n\n<div class=\"wp-block-columns is-layout-flex wp-container-core-columns-is-layout-28f84493 wp-block-columns-is-layout-flex\">\n<div class=\"wp-block-column is-layout-flow wp-block-column-is-layout-flow\">\n<div class=\"wp-block-columns is-layout-flex wp-container-core-columns-is-layout-28f84493 wp-block-columns-is-layout-flex\">\n<div class=\"wp-block-column is-layout-flow wp-block-column-is-layout-flow\">\n<figure class=\"wp-block-image size-full\"><img loading=\"lazy\" decoding=\"async\" width=\"1504\" height=\"2256\" src=\"https:\/\/coeurpourbommiers2026.fr\/wp-content\/uploads\/2026\/01\/BERTON-Elsa_s.jpg\" alt=\"\" class=\"wp-image-107\" srcset=\"https:\/\/coeurpourbommiers2026.fr\/wp-content\/uploads\/2026\/01\/BERTON-Elsa_s.jpg 1504w, https:\/\/coeurpourbommiers2026.fr\/wp-content\/uploads\/2026\/01\/BERTON-Elsa_s-200x300.jpg 200w, https:\/\/coeurpourbommiers2026.fr\/wp-content\/uploads\/2026\/01\/BERTON-Elsa_s-683x1024.jpg 683w, https:\/\/coeurpourbommiers2026.fr\/wp-content\/uploads\/2026\/01\/BERTON-Elsa_s-768x1152.jpg 768w, https:\/\/coeurpourbommiers2026.fr\/wp-content\/uploads\/2026\/01\/BERTON-Elsa_s-1024x1536.jpg 1024w, https:\/\/coeurpourbommiers2026.fr\/wp-content\/uploads\/2026\/01\/BERTON-Elsa_s-1365x2048.jpg 1365w\" sizes=\"auto, (max-width: 1504px) 100vw, 1504px\" \/><\/figure>\n<\/div>\n\n\n\n<div class=\"wp-block-column is-layout-flow wp-block-column-is-layout-flow\">\n<p class=\"has-medium-font-size\"><strong>BERTON Elsa<\/strong><br>42 ans<br>Com\u00e9dienne<\/p>\n<\/div>\n<\/div>\n<\/div>\n\n\n\n<div class=\"wp-block-column is-layout-flow wp-block-column-is-layout-flow\">\n<div class=\"wp-block-columns is-layout-flex wp-container-core-columns-is-layout-28f84493 wp-block-columns-is-layout-flex\">\n<div class=\"wp-block-column is-layout-flow wp-block-column-is-layout-flow\">\n<figure class=\"wp-block-image size-full\"><img loading=\"lazy\" decoding=\"async\" width=\"1504\" height=\"2256\" src=\"https:\/\/coeurpourbommiers2026.fr\/wp-content\/uploads\/2026\/01\/BRENOT-Alice_s.jpg\" alt=\"\" class=\"wp-image-109\" srcset=\"https:\/\/coeurpourbommiers2026.fr\/wp-content\/uploads\/2026\/01\/BRENOT-Alice_s.jpg 1504w, https:\/\/coeurpourbommiers2026.fr\/wp-content\/uploads\/2026\/01\/BRENOT-Alice_s-200x300.jpg 200w, https:\/\/coeurpourbommiers2026.fr\/wp-content\/uploads\/2026\/01\/BRENOT-Alice_s-683x1024.jpg 683w, https:\/\/coeurpourbommiers2026.fr\/wp-content\/uploads\/2026\/01\/BRENOT-Alice_s-768x1152.jpg 768w, https:\/\/coeurpourbommiers2026.fr\/wp-content\/uploads\/2026\/01\/BRENOT-Alice_s-1024x1536.jpg 1024w, https:\/\/coeurpourbommiers2026.fr\/wp-content\/uploads\/2026\/01\/BRENOT-Alice_s-1365x2048.jpg 1365w\" sizes=\"auto, (max-width: 1504px) 100vw, 1504px\" \/><\/figure>\n<\/div>\n\n\n\n<div class=\"wp-block-column is-layout-flow wp-block-column-is-layout-flow\">\n<p class=\"has-medium-font-size\"><strong>BRENOT Alice<\/strong><br>30 ans<br>Secr\u00e9taire de mairie<\/p>\n<\/div>\n<\/div>\n<\/div>\n<\/div>\n\n\n\n<div class=\"wp-block-columns is-layout-flex wp-container-core-columns-is-layout-28f84493 wp-block-columns-is-layout-flex\">\n<div class=\"wp-block-column is-layout-flow wp-block-column-is-layout-flow\">\n<div class=\"wp-block-columns is-layout-flex wp-container-core-columns-is-layout-28f84493 wp-block-columns-is-layout-flex\">\n<div class=\"wp-block-column is-layout-flow wp-block-column-is-layout-flow\">\n<figure class=\"wp-block-image size-full\"><img loading=\"lazy\" decoding=\"async\" width=\"1504\" height=\"2256\" src=\"https:\/\/coeurpourbommiers2026.fr\/wp-content\/uploads\/2026\/01\/BRILLAUD-Sandrine_s.jpg\" alt=\"\" class=\"wp-image-111\" srcset=\"https:\/\/coeurpourbommiers2026.fr\/wp-content\/uploads\/2026\/01\/BRILLAUD-Sandrine_s.jpg 1504w, https:\/\/coeurpourbommiers2026.fr\/wp-content\/uploads\/2026\/01\/BRILLAUD-Sandrine_s-200x300.jpg 200w, https:\/\/coeurpourbommiers2026.fr\/wp-content\/uploads\/2026\/01\/BRILLAUD-Sandrine_s-683x1024.jpg 683w, https:\/\/coeurpourbommiers2026.fr\/wp-content\/uploads\/2026\/01\/BRILLAUD-Sandrine_s-768x1152.jpg 768w, https:\/\/coeurpourbommiers2026.fr\/wp-content\/uploads\/2026\/01\/BRILLAUD-Sandrine_s-1024x1536.jpg 1024w, https:\/\/coeurpourbommiers2026.fr\/wp-content\/uploads\/2026\/01\/BRILLAUD-Sandrine_s-1365x2048.jpg 1365w\" sizes=\"auto, (max-width: 1504px) 100vw, 1504px\" \/><\/figure>\n<\/div>\n\n\n\n<div class=\"wp-block-column is-layout-flow wp-block-column-is-layout-flow\">\n<p class=\"has-medium-font-size\"><strong>BRILLAUD <\/strong>Sandrine<br>49 ans<br>Ambassadeur de tri au SICTOM<\/p>\n<\/div>\n<\/div>\n<\/div>\n\n\n\n<div class=\"wp-block-column is-layout-flow wp-block-column-is-layout-flow\">\n<div class=\"wp-block-columns is-layout-flex wp-container-core-columns-is-layout-28f84493 wp-block-columns-is-layout-flex\">\n<div class=\"wp-block-column is-layout-flow wp-block-column-is-layout-flow\">\n<figure class=\"wp-block-image size-full\"><img loading=\"lazy\" decoding=\"async\" width=\"1504\" height=\"2256\" src=\"https:\/\/coeurpourbommiers2026.fr\/wp-content\/uploads\/2026\/01\/FAUCARD-Jean-Marc_s.jpg\" alt=\"\" class=\"wp-image-112\" srcset=\"https:\/\/coeurpourbommiers2026.fr\/wp-content\/uploads\/2026\/01\/FAUCARD-Jean-Marc_s.jpg 1504w, https:\/\/coeurpourbommiers2026.fr\/wp-content\/uploads\/2026\/01\/FAUCARD-Jean-Marc_s-200x300.jpg 200w, https:\/\/coeurpourbommiers2026.fr\/wp-content\/uploads\/2026\/01\/FAUCARD-Jean-Marc_s-683x1024.jpg 683w, https:\/\/coeurpourbommiers2026.fr\/wp-content\/uploads\/2026\/01\/FAUCARD-Jean-Marc_s-768x1152.jpg 768w, https:\/\/coeurpourbommiers2026.fr\/wp-content\/uploads\/2026\/01\/FAUCARD-Jean-Marc_s-1024x1536.jpg 1024w, https:\/\/coeurpourbommiers2026.fr\/wp-content\/uploads\/2026\/01\/FAUCARD-Jean-Marc_s-1365x2048.jpg 1365w\" sizes=\"auto, (max-width: 1504px) 100vw, 1504px\" \/><\/figure>\n<\/div>\n\n\n\n<div class=\"wp-block-column is-layout-flow wp-block-column-is-layout-flow\">\n<p class=\"has-medium-font-size\"><strong>FAUCARD Jean-Marc<\/strong><br>Conseiller sortant<br>67 ans<br>Retrait\u00e9 de l\u2019ONF<\/p>\n<\/div>\n<\/div>\n<\/div>\n<\/div>\n\n\n\n<div class=\"wp-block-columns is-layout-flex wp-container-core-columns-is-layout-28f84493 wp-block-columns-is-layout-flex\">\n<div class=\"wp-block-column is-layout-flow wp-block-column-is-layout-flow\">\n<div class=\"wp-block-columns is-layout-flex wp-container-core-columns-is-layout-28f84493 wp-block-columns-is-layout-flex\">\n<div class=\"wp-block-column is-layout-flow wp-block-column-is-layout-flow\">\n<figure class=\"wp-block-image size-large\"><img loading=\"lazy\" decoding=\"async\" width=\"683\" height=\"1024\" src=\"https:\/\/coeurpourbommiers2026.fr\/wp-content\/uploads\/2026\/01\/JARRAUD-Jean-Philippe_s-683x1024.jpg\" alt=\"\" class=\"wp-image-113\" srcset=\"https:\/\/coeurpourbommiers2026.fr\/wp-content\/uploads\/2026\/01\/JARRAUD-Jean-Philippe_s-683x1024.jpg 683w, https:\/\/coeurpourbommiers2026.fr\/wp-content\/uploads\/2026\/01\/JARRAUD-Jean-Philippe_s-200x300.jpg 200w, https:\/\/coeurpourbommiers2026.fr\/wp-content\/uploads\/2026\/01\/JARRAUD-Jean-Philippe_s-768x1152.jpg 768w, https:\/\/coeurpourbommiers2026.fr\/wp-content\/uploads\/2026\/01\/JARRAUD-Jean-Philippe_s-1024x1536.jpg 1024w, https:\/\/coeurpourbommiers2026.fr\/wp-content\/uploads\/2026\/01\/JARRAUD-Jean-Philippe_s-1365x2048.jpg 1365w, https:\/\/coeurpourbommiers2026.fr\/wp-content\/uploads\/2026\/01\/JARRAUD-Jean-Philippe_s.jpg 1504w\" sizes=\"auto, (max-width: 683px) 100vw, 683px\" \/><\/figure>\n<\/div>\n\n\n\n<div class=\"wp-block-column is-layout-flow wp-block-column-is-layout-flow\">\n<p class=\"has-medium-font-size\"><strong>JARRAUD Jean-Philippe<\/strong><br>1<sup>er<\/sup> Adjoint sortant<br>62 ans<br>Retrait\u00e9 de l\u2019industrie<\/p>\n<\/div>\n<\/div>\n<\/div>\n\n\n\n<div class=\"wp-block-column is-layout-flow wp-block-column-is-layout-flow\">\n<div class=\"wp-block-columns is-layout-flex wp-container-core-columns-is-layout-28f84493 wp-block-columns-is-layout-flex\">\n<div class=\"wp-block-column is-layout-flow wp-block-column-is-layout-flow\">\n<figure class=\"wp-block-image size-large\"><img loading=\"lazy\" decoding=\"async\" width=\"683\" height=\"1024\" src=\"https:\/\/coeurpourbommiers2026.fr\/wp-content\/uploads\/2026\/01\/LEDOUX-Gilles_s-683x1024.jpg\" alt=\"\" class=\"wp-image-114\" srcset=\"https:\/\/coeurpourbommiers2026.fr\/wp-content\/uploads\/2026\/01\/LEDOUX-Gilles_s-683x1024.jpg 683w, https:\/\/coeurpourbommiers2026.fr\/wp-content\/uploads\/2026\/01\/LEDOUX-Gilles_s-200x300.jpg 200w, https:\/\/coeurpourbommiers2026.fr\/wp-content\/uploads\/2026\/01\/LEDOUX-Gilles_s-768x1152.jpg 768w, https:\/\/coeurpourbommiers2026.fr\/wp-content\/uploads\/2026\/01\/LEDOUX-Gilles_s-1024x1536.jpg 1024w, https:\/\/coeurpourbommiers2026.fr\/wp-content\/uploads\/2026\/01\/LEDOUX-Gilles_s-1365x2048.jpg 1365w, https:\/\/coeurpourbommiers2026.fr\/wp-content\/uploads\/2026\/01\/LEDOUX-Gilles_s.jpg 1504w\" sizes=\"auto, (max-width: 683px) 100vw, 683px\" \/><\/figure>\n<\/div>\n\n\n\n<div class=\"wp-block-column is-layout-flow wp-block-column-is-layout-flow\">\n<p class=\"has-medium-font-size\"><strong>LEDOUX Gilles<\/strong><br>2<sup>\u00e8me<\/sup> Adjoint sortant<br>59 ans<br>Responsable technique<\/p>\n<\/div>\n<\/div>\n<\/div>\n<\/div>\n\n\n\n<div class=\"wp-block-columns is-layout-flex wp-container-core-columns-is-layout-28f84493 wp-block-columns-is-layout-flex\">\n<div class=\"wp-block-column is-layout-flow wp-block-column-is-layout-flow\">\n<div class=\"wp-block-columns is-layout-flex wp-container-core-columns-is-layout-28f84493 wp-block-columns-is-layout-flex\">\n<div class=\"wp-block-column is-layout-flow wp-block-column-is-layout-flow\">\n<figure class=\"wp-block-image size-large\"><img loading=\"lazy\" decoding=\"async\" width=\"683\" height=\"1024\" src=\"https:\/\/coeurpourbommiers2026.fr\/wp-content\/uploads\/2026\/01\/LETONDAL-Gabriel_s-683x1024.jpg\" alt=\"\" class=\"wp-image-115\" srcset=\"https:\/\/coeurpourbommiers2026.fr\/wp-content\/uploads\/2026\/01\/LETONDAL-Gabriel_s-683x1024.jpg 683w, https:\/\/coeurpourbommiers2026.fr\/wp-content\/uploads\/2026\/01\/LETONDAL-Gabriel_s-200x300.jpg 200w, https:\/\/coeurpourbommiers2026.fr\/wp-content\/uploads\/2026\/01\/LETONDAL-Gabriel_s-768x1152.jpg 768w, https:\/\/coeurpourbommiers2026.fr\/wp-content\/uploads\/2026\/01\/LETONDAL-Gabriel_s-1024x1536.jpg 1024w, https:\/\/coeurpourbommiers2026.fr\/wp-content\/uploads\/2026\/01\/LETONDAL-Gabriel_s-1365x2048.jpg 1365w, https:\/\/coeurpourbommiers2026.fr\/wp-content\/uploads\/2026\/01\/LETONDAL-Gabriel_s.jpg 1504w\" sizes=\"auto, (max-width: 683px) 100vw, 683px\" \/><\/figure>\n<\/div>\n\n\n\n<div class=\"wp-block-column is-layout-flow wp-block-column-is-layout-flow\">\n<p class=\"has-medium-font-size\"><strong>LETONDAL Gabriel<\/strong><br>Conseiller sortant<br>47 ans<br>Formateur<\/p>\n<\/div>\n<\/div>\n<\/div>\n\n\n\n<div class=\"wp-block-column is-layout-flow wp-block-column-is-layout-flow\">\n<div class=\"wp-block-columns is-layout-flex wp-container-core-columns-is-layout-28f84493 wp-block-columns-is-layout-flex\">\n<div class=\"wp-block-column is-layout-flow wp-block-column-is-layout-flow\">\n<figure class=\"wp-block-image size-large\"><img loading=\"lazy\" decoding=\"async\" width=\"683\" height=\"1024\" src=\"https:\/\/coeurpourbommiers2026.fr\/wp-content\/uploads\/2026\/01\/PETOLON-Nadine_s-683x1024.jpg\" alt=\"\" class=\"wp-image-116\" srcset=\"https:\/\/coeurpourbommiers2026.fr\/wp-content\/uploads\/2026\/01\/PETOLON-Nadine_s-683x1024.jpg 683w, https:\/\/coeurpourbommiers2026.fr\/wp-content\/uploads\/2026\/01\/PETOLON-Nadine_s-200x300.jpg 200w, https:\/\/coeurpourbommiers2026.fr\/wp-content\/uploads\/2026\/01\/PETOLON-Nadine_s-768x1152.jpg 768w, https:\/\/coeurpourbommiers2026.fr\/wp-content\/uploads\/2026\/01\/PETOLON-Nadine_s-1024x1536.jpg 1024w, https:\/\/coeurpourbommiers2026.fr\/wp-content\/uploads\/2026\/01\/PETOLON-Nadine_s-1365x2048.jpg 1365w, https:\/\/coeurpourbommiers2026.fr\/wp-content\/uploads\/2026\/01\/PETOLON-Nadine_s.jpg 1504w\" sizes=\"auto, (max-width: 683px) 100vw, 683px\" \/><\/figure>\n<\/div>\n\n\n\n<div class=\"wp-block-column is-layout-flow wp-block-column-is-layout-flow\">\n<p class=\"has-medium-font-size\"><strong>PETOLON Nadine<\/strong><br>Conseill\u00e8re sortante<br>58 ans<br>Chef d\u2019entreprise transports<\/p>\n<\/div>\n<\/div>\n<\/div>\n<\/div>\n\n\n\n<div class=\"wp-block-columns is-layout-flex wp-container-core-columns-is-layout-28f84493 wp-block-columns-is-layout-flex\">\n<div class=\"wp-block-column is-layout-flow wp-block-column-is-layout-flow\">\n<div class=\"wp-block-columns is-layout-flex wp-container-core-columns-is-layout-28f84493 wp-block-columns-is-layout-flex\">\n<div class=\"wp-block-column is-layout-flow wp-block-column-is-layout-flow\">\n<figure class=\"wp-block-image size-large\"><img loading=\"lazy\" decoding=\"async\" width=\"683\" height=\"1024\" src=\"https:\/\/coeurpourbommiers2026.fr\/wp-content\/uploads\/2026\/01\/PORNIN-Philippe_s-683x1024.jpg\" alt=\"\" class=\"wp-image-117\" srcset=\"https:\/\/coeurpourbommiers2026.fr\/wp-content\/uploads\/2026\/01\/PORNIN-Philippe_s-683x1024.jpg 683w, https:\/\/coeurpourbommiers2026.fr\/wp-content\/uploads\/2026\/01\/PORNIN-Philippe_s-200x300.jpg 200w, https:\/\/coeurpourbommiers2026.fr\/wp-content\/uploads\/2026\/01\/PORNIN-Philippe_s-768x1152.jpg 768w, https:\/\/coeurpourbommiers2026.fr\/wp-content\/uploads\/2026\/01\/PORNIN-Philippe_s-1024x1536.jpg 1024w, https:\/\/coeurpourbommiers2026.fr\/wp-content\/uploads\/2026\/01\/PORNIN-Philippe_s-1365x2048.jpg 1365w, https:\/\/coeurpourbommiers2026.fr\/wp-content\/uploads\/2026\/01\/PORNIN-Philippe_s.jpg 1504w\" sizes=\"auto, (max-width: 683px) 100vw, 683px\" \/><\/figure>\n<\/div>\n\n\n\n<div class=\"wp-block-column is-layout-flow wp-block-column-is-layout-flow\">\n<p class=\"has-medium-font-size\"><strong>PORNIN Philippe<\/strong><br>59 ans<br>Agriculteur<\/p>\n<\/div>\n<\/div>\n<\/div>\n\n\n\n<div class=\"wp-block-column is-layout-flow wp-block-column-is-layout-flow\"><\/div>\n<\/div>\n","protected":false},"excerpt":{"rendered":"<p>Les candidates et candidats de la liste Coeur pour Bommiers 2026 JOLIBERT BertrandT\u00eate de liste50 ansCadre marketing AUDEBERT NadiaConseill\u00e8re sortante52 ansb\u00e9n\u00e9vole \u00e0 la biblioth\u00e8que BERTON Elsa42 ansCom\u00e9dienne BRENOT Alice30 ansSecr\u00e9taire de mairie BRILLAUD Sandrine49 ansAmbassadeur de tri au SICTOM FAUCARD Jean-MarcConseiller sortant67 ansRetrait\u00e9 de l\u2019ONF JARRAUD Jean-Philippe1er Adjoint sortant62 ansRetrait\u00e9 de l\u2019industrie LEDOUX Gilles2\u00e8me Adjoint [&hellip;]<\/p>\n","protected":false},"author":1,"featured_media":0,"parent":0,"menu_order":0,"comment_status":"closed","ping_status":"closed","template":"","meta":{"footnotes":""},"class_list":["post-43","page","type-page","status-publish","hentry"],"_links":{"self":[{"href":"https:\/\/coeurpourbommiers2026.fr\/index.php\/wp-json\/wp\/v2\/pages\/43","targetHints":{"allow":["GET"]}}],"collection":[{"href":"https:\/\/coeurpourbommiers2026.fr\/index.php\/wp-json\/wp\/v2\/pages"}],"about":[{"href":"https:\/\/coeurpourbommiers2026.fr\/index.php\/wp-json\/wp\/v2\/types\/page"}],"author":[{"embeddable":true,"href":"https:\/\/coeurpourbommiers2026.fr\/index.php\/wp-json\/wp\/v2\/users\/1"}],"replies":[{"embeddable":true,"href":"https:\/\/coeurpourbommiers2026.fr\/index.php\/wp-json\/wp\/v2\/comments?post=43"}],"version-history":[{"count":11,"href":"https:\/\/coeurpourbommiers2026.fr\/index.php\/wp-json\/wp\/v2\/pages\/43\/revisions"}],"predecessor-version":[{"id":119,"href":"https:\/\/coeurpourbommiers2026.fr\/index.php\/wp-json\/wp\/v2\/pages\/43\/revisions\/119"}],"wp:attachment":[{"href":"https:\/\/coeurpourbommiers2026.fr\/index.php\/wp-json\/wp\/v2\/media?parent=43"}],"curies":[{"name":"wp","href":"https:\/\/api.w.org\/{rel}","templated":true}]}}